{"id":5741,"date":"2025-08-14T06:50:17","date_gmt":"2025-08-14T06:50:17","guid":{"rendered":"https:\/\/wgl-dsites.net\/verdaagro\/?page_id=15"},"modified":"2025-11-24T10:11:24","modified_gmt":"2025-11-24T10:11:24","slug":"contact","status":"publish","type":"page","link":"https:\/\/dev.sico.media\/rosavis\/contact\/","title":{"rendered":"Contact"},"content":{"rendered":"\t\t<div data-elementor-type=\"wp-page\" data-elementor-id=\"5741\" class=\"elementor elementor-5741\">\n\t\t\t\t<div class=\"elementor-element elementor-element-00c87c7 e-flex e-con-boxed e-con e-parent\" data-id=\"00c87c7\" data-element_type=\"container\">\n\t\t\t\t\t<div class=\"e-con-inner\">\n\t\t<div class=\"elementor-element elementor-element-e8174d4 e-con-full e-flex e-con e-child\" data-id=\"e8174d4\" data-element_type=\"container\" data-settings=\"{&quot;background_background&quot;:&quot;classic&quot;}\">\n\t\t\t\t<div class=\"elementor-element elementor-element-1600c47 button-space-around a-mobilecenter aleft elementor-widget-icon-box wgl-icon-box wgl-view-default elementor-widget elementor-widget-wgl-infobox\" data-id=\"1600c47\" data-element_type=\"widget\" data-widget_type=\"wgl-infobox.default\">\n\t\t\t\t<div class=\"elementor-widget-container\">\n\t\t\t\t\t<div class=\"wgl-infobox_bg_wrapper\"><\/div><div class=\"wgl-infobox\"><div class=\"wgl-infobox_wrapper wgl-layout-top\"><div class=\"wgl-infobox-media_wrapper\"><span class=\"media-wrapper icon-wrapper\"><span class=\"wgl-icon\" ><span class=\"icon elementor-icon\"><svg xmlns=\"http:\/\/www.w3.org\/2000\/svg\" width=\"16\" height=\"16\" fill=\"currentColor\" class=\"bi bi-envelope-at\" viewBox=\"0 0 16 16\"><path d=\"M2 2a2 2 0 0 0-2 2v8.01A2 2 0 0 0 2 14h5.5a.5.5 0 0 0 0-1H2a1 1 0 0 1-.966-.741l5.64-3.471L8 9.583l7-4.2V8.5a.5.5 0 0 0 1 0V4a2 2 0 0 0-2-2zm3.708 6.208L1 11.105V5.383zM1 4.217V4a1 1 0 0 1 1-1h12a1 1 0 0 1 1 1v.217l-7 4.2z\"><\/path><path d=\"M14.247 14.269c1.01 0 1.587-.857 1.587-2.025v-.21C15.834 10.43 14.64 9 12.52 9h-.035C10.42 9 9 10.36 9 12.432v.214C9 14.82 10.438 16 12.358 16h.044c.594 0 1.018-.074 1.237-.175v-.73c-.245.11-.673.18-1.18.18h-.044c-1.334 0-2.571-.788-2.571-2.655v-.157c0-1.657 1.058-2.724 2.64-2.724h.04c1.535 0 2.484 1.05 2.484 2.326v.118c0 .975-.324 1.39-.639 1.39-.232 0-.41-.148-.41-.42v-2.19h-.906v.569h-.03c-.084-.298-.368-.63-.954-.63-.778 0-1.259.555-1.259 1.4v.528c0 .892.49 1.434 1.26 1.434.471 0 .896-.227 1.014-.643h.043c.118.42.617.648 1.12.648m-2.453-1.588v-.227c0-.546.227-.791.573-.791.297 0 .572.192.572.708v.367c0 .573-.253.744-.564.744-.354 0-.581-.215-.581-.8Z\"><\/path><\/svg><\/span><\/span><\/span><\/div><div class=\"content_wrapper\"><div class=\"wgl-infobox-title_wrapper\"><h3 class=\"wgl-infobox_title\"><span class=\"wgl-infobox_title-idle\"><span class=\"elementor-repeater-item-e873da1\">Mail:<\/span><\/span><\/h3><\/div><div class=\"wgl-infobox-content_wrapper\"><div class=\"wgl-infobox-content\">contact@rosavis.ro<\/div><\/div><div class=\"wgl-button-wrapper\"><a href=\"mailto:contact@rosavis.ro\" class=\"wgl-infobox_button wgl-button  no_media\"><div class=\"button__content\"><span class=\"button__text\">Trimite un mail<\/span><\/div><\/a><\/div><\/div><\/div><\/div>\t\t\t\t<\/div>\n\t\t\t\t<\/div>\n\t\t\t\t<\/div>\n\t\t<div class=\"elementor-element elementor-element-dc4a73d e-con-full e-flex e-con e-child\" data-id=\"dc4a73d\" data-element_type=\"container\" data-settings=\"{&quot;background_background&quot;:&quot;classic&quot;}\">\n\t\t\t\t<div class=\"elementor-element elementor-element-06e6f20 button-space-around a-mobilecenter aleft elementor-widget-icon-box wgl-icon-box wgl-view-default elementor-widget elementor-widget-wgl-infobox\" data-id=\"06e6f20\" data-element_type=\"widget\" data-widget_type=\"wgl-infobox.default\">\n\t\t\t\t<div class=\"elementor-widget-container\">\n\t\t\t\t\t<div class=\"wgl-infobox_bg_wrapper\"><\/div><div class=\"wgl-infobox\"><div class=\"wgl-infobox_wrapper wgl-layout-top\"><div class=\"wgl-infobox-media_wrapper\"><span class=\"media-wrapper icon-wrapper\"><span class=\"wgl-icon\" ><span class=\"icon elementor-icon\"><svg xmlns=\"http:\/\/www.w3.org\/2000\/svg\" width=\"16\" height=\"16\" fill=\"currentColor\" class=\"bi bi-telephone-inbound\" viewBox=\"0 0 16 16\"><path d=\"M15.854.146a.5.5 0 0 1 0 .708L11.707 5H14.5a.5.5 0 0 1 0 1h-4a.5.5 0 0 1-.5-.5v-4a.5.5 0 0 1 1 0v2.793L15.146.146a.5.5 0 0 1 .708 0m-12.2 1.182a.678.678 0 0 0-1.015-.063L1.605 2.3c-.483.484-.661 1.169-.45 1.77a17.6 17.6 0 0 0 4.168 6.608 17.6 17.6 0 0 0 6.608 4.168c.601.211 1.286.033 1.77-.45l1.034-1.034a.678.678 0 0 0-.063-1.015l-2.307-1.794a.68.68 0 0 0-.58-.122l-2.19.547a1.75 1.75 0 0 1-1.657-.459L5.482 8.062a1.75 1.75 0 0 1-.46-1.657l.548-2.19a.68.68 0 0 0-.122-.58zM1.884.511a1.745 1.745 0 0 1 2.612.163L6.29 2.98c.329.423.445.974.315 1.494l-.547 2.19a.68.68 0 0 0 .178.643l2.457 2.457a.68.68 0 0 0 .644.178l2.189-.547a1.75 1.75 0 0 1 1.494.315l2.306 1.794c.829.645.905 1.87.163 2.611l-1.034 1.034c-.74.74-1.846 1.065-2.877.702a18.6 18.6 0 0 1-7.01-4.42 18.6 18.6 0 0 1-4.42-7.009c-.362-1.03-.037-2.137.703-2.877z\"><\/path><\/svg><\/span><\/span><\/span><\/div><div class=\"content_wrapper\"><div class=\"wgl-infobox-title_wrapper\"><h3 class=\"wgl-infobox_title\"><span class=\"wgl-infobox_title-idle\"><span class=\"elementor-repeater-item-e873da1\">Telefon:<\/span><\/span><\/h3><\/div><div class=\"wgl-infobox-content_wrapper\"><div class=\"wgl-infobox-content\"><p><span>0733 625 563<\/span><\/p><\/div><\/div><div class=\"wgl-button-wrapper\"><a href=\"tel:0733%20625%20563\" class=\"wgl-infobox_button wgl-button  no_media\"><div class=\"button__content\"><span class=\"button__text\">Sun\u0103-ne acum<\/span><\/div><\/a><\/div><\/div><\/div><\/div>\t\t\t\t<\/div>\n\t\t\t\t<\/div>\n\t\t\t\t<\/div>\n\t\t<div class=\"elementor-element elementor-element-4a430d7 e-con-full e-flex e-con e-child\" data-id=\"4a430d7\" data-element_type=\"container\" data-settings=\"{&quot;background_background&quot;:&quot;classic&quot;}\">\n\t\t\t\t<div class=\"elementor-element elementor-element-e4c90a5 a-mobilecenter aleft elementor-widget-icon-box wgl-icon-box wgl-view-default elementor-widget elementor-widget-wgl-infobox\" data-id=\"e4c90a5\" data-element_type=\"widget\" data-widget_type=\"wgl-infobox.default\">\n\t\t\t\t<div class=\"elementor-widget-container\">\n\t\t\t\t\t<div class=\"wgl-infobox_bg_wrapper\"><\/div><div class=\"wgl-infobox\"><div class=\"wgl-infobox_wrapper wgl-layout-top\"><div class=\"wgl-infobox-media_wrapper\"><span class=\"media-wrapper icon-wrapper\"><span class=\"wgl-icon\" ><span class=\"icon elementor-icon\"><svg xmlns=\"http:\/\/www.w3.org\/2000\/svg\" width=\"16\" height=\"16\" fill=\"currentColor\" class=\"bi bi-geo-alt\" viewBox=\"0 0 16 16\"><path d=\"M12.166 8.94c-.524 1.062-1.234 2.12-1.96 3.07A32 32 0 0 1 8 14.58a32 32 0 0 1-2.206-2.57c-.726-.95-1.436-2.008-1.96-3.07C3.304 7.867 3 6.862 3 6a5 5 0 0 1 10 0c0 .862-.305 1.867-.834 2.94M8 16s6-5.686 6-10A6 6 0 0 0 2 6c0 4.314 6 10 6 10\"><\/path><path d=\"M8 8a2 2 0 1 1 0-4 2 2 0 0 1 0 4m0 1a3 3 0 1 0 0-6 3 3 0 0 0 0 6\"><\/path><\/svg><\/span><\/span><\/span><\/div><div class=\"content_wrapper\"><div class=\"wgl-infobox-title_wrapper\"><h3 class=\"wgl-infobox_title\"><span class=\"wgl-infobox_title-idle\"><span class=\"elementor-repeater-item-e873da1\">Adres\u0103<\/span><\/span><\/h3><\/div><div class=\"wgl-infobox-content_wrapper\"><div class=\"wgl-infobox-content\"><p><span data-metadata=\"&lt;!--(figmeta)eyJmaWxlS2V5IjoiSTFCSnlRRG84NkxOc3BtVzN5YjBtTCIsInBhc3RlSUQiOjEyNjIxNTc0MzksImRhdGFUeXBlIjoic2NlbmUifQo=(\/figmeta)--&gt;\"><\/span><span>Sat Gara Rosiesti, com. Rosiesti, jud. Vaslui, 737467<\/span><\/p><\/div><\/div><\/div><\/div><\/div>\t\t\t\t<\/div>\n\t\t\t\t<\/div>\n\t\t\t\t<\/div>\n\t\t\t\t\t<\/div>\n\t\t\t\t<\/div>\n\t\t<div class=\"elementor-element elementor-element-13fbbca e-flex e-con-boxed e-con e-parent\" data-id=\"13fbbca\" data-element_type=\"container\">\n\t\t\t\t\t<div class=\"e-con-inner\">\n\t\t\t\t<div class=\"elementor-element elementor-element-0348805 elementor-widget elementor-widget-spacer\" data-id=\"0348805\" data-element_type=\"widget\" data-widget_type=\"spacer.default\">\n\t\t\t\t\t\t\t<div class=\"elementor-spacer\">\n\t\t\t<div class=\"elementor-spacer-inner\"><\/div>\n\t\t<\/div>\n\t\t\t\t\t\t<\/div>\n\t\t\t\t<div class=\"elementor-element elementor-element-463e60e acenter elementor-widget elementor-widget-wgl-double-heading\" data-id=\"463e60e\" data-element_type=\"widget\" data-widget_type=\"wgl-double-heading.default\">\n\t\t\t\t<div class=\"elementor-widget-container\">\n\t\t\t\t\t<div class=\"wgl-double-heading\"><h3 class=\"dblh__title-wrapper\"><span class=\"dblh__title dblh__title-1\"><span>Suntem disponibili pentru colabor\u0103ri serioase.<\/span><\/span><\/h3><div class=\"dblh__content\"><p><span>Dac\u0103 e\u0219ti fermier, distribuitor sau ai nevoie de informa\u021bii despre produsele noastre, \u00ee\u021bi r\u0103spundem cu responsabilitate \u0219i promptitudine. Completeaz\u0103 formularul de mai jos sau contacteaz\u0103-ne direct.<\/span><\/p><\/div><\/div>\t\t\t\t<\/div>\n\t\t\t\t<\/div>\n\t\t\t\t\t<\/div>\n\t\t\t\t<\/div>\n\t\t<div class=\"elementor-element elementor-element-b6c46e5 e-flex e-con-boxed e-con e-parent\" data-id=\"b6c46e5\" data-element_type=\"container\">\n\t\t\t\t\t<div class=\"e-con-inner\">\n\t\t<div class=\"elementor-element elementor-element-994a5d4 e-con-full e-flex e-con e-child\" data-id=\"994a5d4\" data-element_type=\"container\" data-settings=\"{&quot;background_background&quot;:&quot;classic&quot;}\">\n\t\t\t\t<div class=\"elementor-element elementor-element-e6d361d a-mobilecenter aleft elementor-widget elementor-widget-wgl-double-heading\" data-id=\"e6d361d\" data-element_type=\"widget\" data-widget_type=\"wgl-double-heading.default\">\n\t\t\t\t<div class=\"elementor-widget-container\">\n\t\t\t\t\t<div class=\"wgl-double-heading\"><div class=\"dblh__subtitle\">Las\u0103-ne un mesaj<\/div><h3 class=\"dblh__title-wrapper\"><span class=\"dblh__title dblh__title-1\"><span>Formular de comand\u0103 \n<\/span><\/span><span class=\"dblh__title dblh__title-2\"><span>Pui de o zi<\/span><\/span><span class=\"dblh__title dblh__title-3\"><span>Pui de carne<\/span><\/span><\/h3><\/div>\t\t\t\t<\/div>\n\t\t\t\t<\/div>\n\t\t\t\t<div class=\"elementor-element elementor-element-373c73d elementor-widget elementor-widget-text-editor\" data-id=\"373c73d\" data-element_type=\"widget\" data-widget_type=\"text-editor.default\">\n\t\t\t\t\t\t\t\t\t<p>Completeaz\u0103 acest formular cu datele personale.<\/p>\t\t\t\t\t\t\t\t<\/div>\n\t\t\t\t<div class=\"elementor-element elementor-element-e107432 a-mobilecenter aleft elementor-widget elementor-widget-wgl-contact-form-7\" data-id=\"e107432\" data-element_type=\"widget\" data-widget_type=\"wgl-contact-form-7.default\">\n\t\t\t\t<div class=\"elementor-widget-container\">\n\t\t\t\t\t<div class=\"wgl-contact-form-7\">\n<div class=\"wpcf7 no-js\" id=\"wpcf7-f6163-o1\" lang=\"en-US\" dir=\"ltr\" data-wpcf7-id=\"6163\">\n<div class=\"screen-reader-response\"><p role=\"status\" aria-live=\"polite\" aria-atomic=\"true\"><\/p> <ul><\/ul><\/div>\n<form action=\"\/rosavis\/wp-json\/wp\/v2\/pages\/5741#wpcf7-f6163-o1\" method=\"post\" class=\"wpcf7-form init\" aria-label=\"Formular de contact\" novalidate=\"novalidate\" data-status=\"init\">\n<fieldset class=\"hidden-fields-container\"><input type=\"hidden\" name=\"_wpcf7\" value=\"6163\" \/><input type=\"hidden\" name=\"_wpcf7_version\" value=\"6.1.4\" \/><input type=\"hidden\" name=\"_wpcf7_locale\" value=\"en_US\" \/><input type=\"hidden\" name=\"_wpcf7_unit_tag\" value=\"wpcf7-f6163-o1\" \/><input type=\"hidden\" name=\"_wpcf7_container_post\" value=\"0\" \/><input type=\"hidden\" name=\"_wpcf7_posted_data_hash\" value=\"\" \/>\n<\/fieldset>\n<div class=\"wgl-wpcf7-wrapper\"><div class='row'>\n<div class='wgl_col-12'>\n<span class=\"wpcf7-form-control-wrap\" data-name=\"label-name\"><input size=\"40\" maxlength=\"400\" class=\"wpcf7-form-control wpcf7-text wpcf7-validates-as-required\" aria-required=\"true\" aria-invalid=\"false\" placeholder=\"Nume companie\" value=\"\" type=\"text\" name=\"label-name\" \/><\/span>\n<\/div>\n<div class='wgl_col-12'>\n<span class=\"wpcf7-form-control-wrap\" data-name=\"label-cui\"><input size=\"40\" maxlength=\"400\" class=\"wpcf7-form-control wpcf7-text wpcf7-validates-as-required\" aria-required=\"true\" aria-invalid=\"false\" placeholder=\"CUI\/CIF\" value=\"\" type=\"text\" name=\"label-cui\" \/><\/span>\n<\/div>\n<div class='wgl_col-12'>\n<span class=\"wpcf7-form-control-wrap\" data-name=\"label-persoana-contact\"><input size=\"40\" maxlength=\"400\" class=\"wpcf7-form-control wpcf7-text wpcf7-validates-as-required\" aria-required=\"true\" aria-invalid=\"false\" placeholder=\"Persoan\u0103 de contact\" value=\"\" type=\"text\" name=\"label-persoana-contact\" \/><\/span>\n<\/div>\n<div class='wgl_col-12'>\n<span class=\"wpcf7-form-control-wrap\" data-name=\"label-telefon\"><input size=\"40\" maxlength=\"400\" class=\"wpcf7-form-control wpcf7-tel wpcf7-validates-as-required wpcf7-text wpcf7-validates-as-tel\" aria-required=\"true\" aria-invalid=\"false\" placeholder=\"Telefon\" value=\"\" type=\"tel\" name=\"label-telefon\" \/><\/span>\n<\/div>\n<div class='wgl_col-12'>\n<span class=\"wpcf7-form-control-wrap\" data-name=\"label-email\"><input size=\"40\" maxlength=\"400\" class=\"wpcf7-form-control wpcf7-email wpcf7-validates-as-required wpcf7-text wpcf7-validates-as-email\" aria-required=\"true\" aria-invalid=\"false\" placeholder=\"E-mail\" value=\"\" type=\"email\" name=\"label-email\" \/><\/span>\n<\/div>\n<div class='wgl_col-12'>\n<span class=\"wpcf7-form-control-wrap\" data-name=\"label-adresa\"><input size=\"40\" maxlength=\"400\" class=\"wpcf7-form-control wpcf7-text\" aria-invalid=\"false\" placeholder=\"Localitate\/Jude\u021b\" value=\"\" type=\"text\" name=\"label-adresa\" \/><\/span>\n<\/div>\n<div class='wgl_col-12'>\n<span class=\"wpcf7-form-control-wrap\" data-name=\"label-produs\"><input size=\"40\" maxlength=\"400\" class=\"wpcf7-form-control wpcf7-text\" aria-invalid=\"false\" placeholder=\"Produs solicitate (ex. Ross, Hubbard, Abatorizare)\" value=\"\" type=\"text\" name=\"label-produs\" \/><\/span>\n<\/div>\n<div class='wgl_col-12'>\n<span class=\"wpcf7-form-control-wrap\" data-name=\"label-cantiate\"><input size=\"40\" maxlength=\"400\" class=\"wpcf7-form-control wpcf7-text\" aria-invalid=\"false\" placeholder=\"Cantitate estimat\u0103 (buca\u021bi sau serii\/s\u0103pt\u0103m\u00e2ni)\" value=\"\" type=\"text\" name=\"label-cantiate\" \/><\/span>\n<\/div>\n<div class='wgl_col-12'>\n<span class=\"wpcf7-form-control-wrap\" data-name=\"label-livrare\"><input size=\"40\" maxlength=\"400\" class=\"wpcf7-form-control wpcf7-text\" aria-invalid=\"false\" placeholder=\"Interval livrare sau frecven\u021b\u0103 (o singur\u0103 dat\u0103, lunar, recurent)\" value=\"\" type=\"text\" name=\"label-livrare\" \/><\/span>\n<\/div>\n<div class='wgl_col-12'>\n<span class=\"wpcf7-form-control-wrap\" data-name=\"label-observatii\"><textarea cols=\"40\" rows=\"10\" maxlength=\"2000\" class=\"wpcf7-form-control wpcf7-textarea\" aria-invalid=\"false\" placeholder=\"Observa\u021bii suplimentare\" name=\"label-observatii\"><\/textarea><\/span>\n<\/div>\n<div class='wgl_col-12'>\n<button  class=\"wpcf7-form-control wpcf7-submit has-spinner wgl-button wgl-wpcf7-button\" type=\"submit\"><span class=\"button__content\"><span>Trimite<\/span><\/span><\/button>\n<\/div>\n<\/div><\/div><div class=\"wpcf7-response-output\" aria-hidden=\"true\"><\/div>\n<\/form>\n<\/div>\n<\/div>\t\t\t\t<\/div>\n\t\t\t\t<\/div>\n\t\t\t\t<\/div>\n\t\t<div class=\"elementor-element elementor-element-6b687b9 e-con-full e-flex e-con e-child\" data-id=\"6b687b9\" data-element_type=\"container\">\n\t\t\t\t<div class=\"elementor-element elementor-element-be86b39 elementor-widget elementor-widget-google_maps\" data-id=\"be86b39\" data-element_type=\"widget\" data-widget_type=\"google_maps.default\">\n\t\t\t\t\t\t\t<div class=\"elementor-custom-embed\">\n\t\t\t<iframe loading=\"lazy\"\n\t\t\t\t\tsrc=\"https:\/\/maps.google.com\/maps?q=Sat%20Gara%20Rosiesti%2C%20com.%20Rosiesti%2C%20jud.%20Vaslui%2C%20737467&#038;t=m&#038;z=10&#038;output=embed&#038;iwloc=near\"\n\t\t\t\t\ttitle=\"Sat Gara Rosiesti, com. Rosiesti, jud. Vaslui, 737467\"\n\t\t\t\t\taria-label=\"Sat Gara Rosiesti, com. Rosiesti, jud. Vaslui, 737467\"\n\t\t\t><\/iframe>\n\t\t<\/div>\n\t\t\t\t\t\t<\/div>\n\t\t\t\t<\/div>\n\t\t\t\t\t<\/div>\n\t\t\t\t<\/div>\n\t\t\t\t<\/div>\n\t\t","protected":false},"excerpt":{"rendered":"<p>&nbsp; Mail: contact@rosavis.roTrimite un mail Telefon: 0733 625 563 Sun\u0103-ne acum Adres\u0103 Sat Gara Rosiesti, com. Rosiesti, jud. Vaslui, 737467 Suntem disponibili pentru colabor\u0103ri serioase. Dac\u0103 e\u0219ti fermier, distribuitor sau ai nevoie de informa\u021bii despre produsele noastre, \u00ee\u021bi r\u0103spundem cu responsabilitate \u0219i promptitudine. Completeaz\u0103 formularul de mai jos sau contacteaz\u0103-ne direct. Las\u0103-ne un mesaj Formular [&hellip;]<\/p>\n","protected":false},"author":1,"featured_media":0,"parent":0,"menu_order":0,"comment_status":"closed","ping_status":"closed","template":"","meta":{"footnotes":""},"class_list":["post-5741","page","type-page","status-publish","hentry"],"_links":{"self":[{"href":"https:\/\/dev.sico.media\/rosavis\/wp-json\/wp\/v2\/pages\/5741","targetHints":{"allow":["GET"]}}],"collection":[{"href":"https:\/\/dev.sico.media\/rosavis\/wp-json\/wp\/v2\/pages"}],"about":[{"href":"https:\/\/dev.sico.media\/rosavis\/wp-json\/wp\/v2\/types\/page"}],"author":[{"embeddable":true,"href":"https:\/\/dev.sico.media\/rosavis\/wp-json\/wp\/v2\/users\/1"}],"replies":[{"embeddable":true,"href":"https:\/\/dev.sico.media\/rosavis\/wp-json\/wp\/v2\/comments?post=5741"}],"version-history":[{"count":11,"href":"https:\/\/dev.sico.media\/rosavis\/wp-json\/wp\/v2\/pages\/5741\/revisions"}],"predecessor-version":[{"id":6570,"href":"https:\/\/dev.sico.media\/rosavis\/wp-json\/wp\/v2\/pages\/5741\/revisions\/6570"}],"wp:attachment":[{"href":"https:\/\/dev.sico.media\/rosavis\/wp-json\/wp\/v2\/media?parent=5741"}],"curies":[{"name":"wp","href":"https:\/\/api.w.org\/{rel}","templated":true}]}}