{"id":6018,"date":"2025-10-21T14:40:25","date_gmt":"2025-10-21T14:40:25","guid":{"rendered":"https:\/\/dev.sico.media\/rosavis\/?page_id=6018"},"modified":"2025-11-18T13:28:48","modified_gmt":"2025-11-18T13:28:48","slug":"productie","status":"publish","type":"page","link":"https:\/\/dev.sico.media\/rosavis\/productie\/","title":{"rendered":"Produc\u021bie"},"content":{"rendered":"\t\t<div data-elementor-type=\"wp-page\" data-elementor-id=\"6018\" class=\"elementor elementor-6018\">\n\t\t\t\t<div class=\"elementor-element elementor-element-5a933491 e-flex e-con-boxed e-con e-parent\" data-id=\"5a933491\" data-element_type=\"container\">\n\t\t\t\t\t<div class=\"e-con-inner\">\n\t\t<div class=\"elementor-element elementor-element-455f1265 e-con-full e-flex elementor-invisible e-con e-child\" data-id=\"455f1265\" data-element_type=\"container\" data-settings=\"{&quot;animation&quot;:&quot;wgl_fade&quot;,&quot;animation_delay&quot;:150}\">\n\t\t\t\t<div class=\"elementor-element elementor-element-6a754828 elementor-widget__width-initial a-mobilecenter aleft elementor-widget elementor-widget-wgl-double-heading\" data-id=\"6a754828\" data-element_type=\"widget\" data-widget_type=\"wgl-double-heading.default\">\n\t\t\t\t<div class=\"elementor-widget-container\">\n\t\t\t\t\t<div class=\"wgl-double-heading\"><div class=\"dblh__subtitle\">Produc\u021bia Rosavis<\/div><h3 class=\"dblh__title-wrapper\"><span class=\"dblh__title dblh__title-1\"><span>Cre\u0219tem pui s\u0103n\u0103to\u0219i \u00een condi\u021bii controlate, cu tehnologie modern\u0103 \u0219i grij\u0103 constant\u0103.<\/span><\/span><\/h3><div class=\"dblh__content\"><p><span>De la ou la livrare, control\u0103m fiecare etap\u0103 pentru a asigura calitate, performan\u021b\u0103 \u0219i \u00eencredere.<\/span><\/p><\/div><\/div>\t\t\t\t<\/div>\n\t\t\t\t<\/div>\n\t\t\t\t<\/div>\n\t\t<div class=\"elementor-element elementor-element-352e4f59 e-con-full e-flex e-con e-child\" data-id=\"352e4f59\" data-element_type=\"container\">\n\t\t<div class=\"elementor-element elementor-element-2532e402 e-con-full e-flex elementor-invisible e-con e-child\" data-id=\"2532e402\" data-element_type=\"container\" data-settings=\"{&quot;animation&quot;:&quot;wgl_fade_up&quot;,&quot;animation_delay&quot;:50}\">\n\t\t\t\t<div class=\"elementor-element elementor-element-699ae7b0 has-icon_size_animation elementor-widget__width-initial a-mobilecenter elementor-widget-mobile__width-initial aleft elementor-widget-image-box wgl-image-box wgl-view-default elementor-widget elementor-widget-wgl-infobox\" data-id=\"699ae7b0\" data-element_type=\"widget\" data-widget_type=\"wgl-infobox.default\">\n\t\t\t\t<div class=\"elementor-widget-container\">\n\t\t\t\t\t<div class=\"wgl-infobox_bg_wrapper\"><\/div><div class=\"wgl-infobox wgl-cursor-text additional-cursor\" data-cursor-link-animation=\"no\" data-cursor-class=\"wgl-element-699ae7b0 cursor-global elementor-repeater-item-699ae7b0 tooltip_bg\" data-cursor-text=\"&lt;h6&gt;Read More&lt;\/h6&gt;\"><a class=\"wgl-infobox__link\" href=\"https:\/\/dev.sico.media\/rosavis\/about-us\/\"><\/a><div class=\"wgl-infobox_wrapper wgl-layout-top\"><div class=\"wgl-infobox-media_wrapper\"><span class=\"media-wrapper img-wrapper\"><span class=\"wgl-image-box_img\"><span ><img fetchpriority=\"high\" decoding=\"async\" width=\"1024\" height=\"768\" src=\"https:\/\/dev.sico.media\/rosavis\/wp-content\/uploads\/2025\/10\/3YrkuT4GKJ7n9npukWVcrL2D44.png\" class=\"attachment-full size-full wp-image-6130\" alt=\"\" srcset=\"https:\/\/dev.sico.media\/rosavis\/wp-content\/uploads\/2025\/10\/3YrkuT4GKJ7n9npukWVcrL2D44.png 1024w, https:\/\/dev.sico.media\/rosavis\/wp-content\/uploads\/2025\/10\/3YrkuT4GKJ7n9npukWVcrL2D44-300x225.png 300w, https:\/\/dev.sico.media\/rosavis\/wp-content\/uploads\/2025\/10\/3YrkuT4GKJ7n9npukWVcrL2D44-768x576.png 768w\" sizes=\"(max-width: 1024px) 100vw, 1024px\" \/><\/span><\/span><\/span><\/div><div class=\"content_wrapper\"><div class=\"wgl-infobox-title_wrapper\"><h3 class=\"wgl-infobox_title\"><span class=\"wgl-infobox_title-idle\"><span class=\"elementor-repeater-item-c40298d\">Hale pentru cre\u0219tere<\/span><\/span><\/h3><\/div><div class=\"wgl-infobox-content_wrapper\"><div class=\"wgl-infobox-content\"><p><span>Ferma Rosavis a fost \u00eenfiin\u021bat\u0103 \u00een anul 2007, c\u00e2nd s-au achizi\u021bionat cele 18 hale pentru cre\u0219terea de pui.<\/span><\/p><p>Deoarece valorile noastre sunt grija pentru animale \u0219i respectul pentru oameni, ne-am axat pe o cre\u0219tere s\u0103n\u0103toas\u0103 a puilor pentru abatorizare.<\/p><\/div><\/div><\/div><\/div><\/div>\t\t\t\t<\/div>\n\t\t\t\t<\/div>\n\t\t\t\t<div class=\"elementor-element elementor-element-9059b80 elementor-widget-divider--view-line elementor-widget elementor-widget-divider\" data-id=\"9059b80\" data-element_type=\"widget\" data-widget_type=\"divider.default\">\n\t\t\t\t\t\t\t<div class=\"elementor-divider\">\n\t\t\t<span class=\"elementor-divider-separator\">\n\t\t\t\t\t\t<\/span>\n\t\t<\/div>\n\t\t\t\t\t\t<\/div>\n\t\t\t\t<\/div>\n\t\t<div class=\"elementor-element elementor-element-427f6a4e e-con-full e-flex elementor-invisible e-con e-child\" data-id=\"427f6a4e\" data-element_type=\"container\" data-settings=\"{&quot;animation&quot;:&quot;wgl_fade_up&quot;,&quot;animation_delay&quot;:100}\">\n\t\t\t\t<div class=\"elementor-element elementor-element-57f89169 has-icon_size_animation elementor-widget__width-initial a-mobilecenter elementor-widget-mobile__width-initial aleft elementor-widget-icon-box wgl-icon-box wgl-view-default elementor-widget elementor-widget-wgl-infobox\" data-id=\"57f89169\" data-element_type=\"widget\" data-widget_type=\"wgl-infobox.default\">\n\t\t\t\t<div class=\"elementor-widget-container\">\n\t\t\t\t\t<div class=\"wgl-infobox_bg_wrapper\"><\/div><div class=\"wgl-infobox wgl-cursor-text additional-cursor\" data-cursor-link-animation=\"no\" data-cursor-class=\"wgl-element-57f89169 cursor-global elementor-repeater-item-57f89169 tooltip_bg\" data-cursor-text=\"&lt;h6&gt;Read More&lt;\/h6&gt;\"><a class=\"wgl-infobox__link\" href=\"https:\/\/dev.sico.media\/rosavis\/about-us\/\"><\/a><div class=\"wgl-infobox_wrapper wgl-layout-top\"><div class=\"wgl-infobox-media_wrapper\"><\/div><div class=\"content_wrapper\"><div class=\"wgl-infobox-title_wrapper\"><h3 class=\"wgl-infobox_title\"><\/h3><\/div><div class=\"wgl-infobox-content_wrapper\"><div class=\"wgl-infobox-content\"><p class=\"framer-text framer-styles-preset-1l1e4gv\" data-styles-preset=\"rgd3b9S4n\">Pentru c\u0103 dorim s\u0103 livr\u0103m calitate, puii crescu\u021bi de noi au parte de cele mai bune condi\u021bii de cre\u0219tere, lucru care se reflect\u0103 \u00een rezultatul final \u2013 o carne s\u0103n\u0103toas\u0103 \u0219i gustoas\u0103.<\/p><p data-styles-preset=\"rgd3b9S4n\"><span>\u00cen anul 2017, ferma de p\u0103s\u0103ri de carne Rosavis este completat\u0103 cu o ferm\u0103 de reproduc\u021bie, dotat\u0103 cu echipamente automate de distribu\u021bie a furajelor, controlul automat al temperaturii, umidit\u0103\u021bii \u0219i a luminii, dar cel mai important, recoltarea ou\u0103lor se realizeaz\u0103 cu ajutorul unor cuibare automate, unde contactul personalului cu acestea este redus la minim.<\/span><\/p><\/div><\/div><\/div><\/div><\/div>\t\t\t\t<\/div>\n\t\t\t\t<\/div>\n\t\t\t\t<\/div>\n\t\t<div class=\"elementor-element elementor-element-3b0cf93b e-con-full e-flex elementor-invisible e-con e-child\" data-id=\"3b0cf93b\" data-element_type=\"container\" data-settings=\"{&quot;animation&quot;:&quot;wgl_fade_up&quot;,&quot;animation_delay&quot;:150}\">\n\t\t\t\t<div class=\"elementor-element elementor-element-1468ff2d has-icon_size_animation elementor-widget__width-initial a-mobilecenter aleft elementor-widget-image-box wgl-image-box wgl-view-default elementor-widget elementor-widget-wgl-infobox\" data-id=\"1468ff2d\" data-element_type=\"widget\" data-widget_type=\"wgl-infobox.default\">\n\t\t\t\t<div class=\"elementor-widget-container\">\n\t\t\t\t\t<div class=\"wgl-infobox_bg_wrapper\"><\/div><div class=\"wgl-infobox wgl-cursor-text additional-cursor\" data-cursor-link-animation=\"no\" data-cursor-class=\"wgl-element-1468ff2d cursor-global elementor-repeater-item-1468ff2d tooltip_bg\" data-cursor-text=\"&lt;h6&gt;Read More&lt;\/h6&gt;\"><a class=\"wgl-infobox__link\" href=\"https:\/\/dev.sico.media\/rosavis\/about-us\/\"><\/a><div class=\"wgl-infobox_wrapper wgl-layout-top\"><div class=\"wgl-infobox-media_wrapper\"><span class=\"media-wrapper img-wrapper\"><span class=\"wgl-image-box_img\"><span ><img decoding=\"async\" src=\"https:\/\/dev.sico.media\/rosavis\/wp-content\/uploads\/elementor\/thumbs\/VnfrZJPzdSjyFtW1pJPGILGA-rdjnlkvkj7o9784n5bngdk4a724uevl864haxay5o8.png\" title=\"VnfrZJPzdSjyFtW1pJPGILGA\" alt=\"VnfrZJPzdSjyFtW1pJPGILGA\" loading=\"lazy\" \/><\/span><\/span><\/span><\/div><div class=\"content_wrapper\"><div class=\"wgl-infobox-title_wrapper\"><h3 class=\"wgl-infobox_title\"><span class=\"wgl-infobox_title-idle\"><span class=\"elementor-repeater-item-c40298d\">Ferma de cre\u0219tere pui de carne<\/span><\/span><\/h3><\/div><div class=\"wgl-infobox-content_wrapper\"><div class=\"wgl-infobox-content\"><div class=\"framer-fe81ov\" data-framer-component-type=\"RichTextContainer\"><p class=\"framer-text framer-styles-preset-1vuqzzc\" data-styles-preset=\"wqPFhqVrF\">Ferma de cre\u0219tere pui de carne, amplasat\u0103 \u00een Gara Ro\u0219iesti, este organizat\u0103 \u00een module a c\u00e2te \u0219ase hale, utilate cu echipamente moderne de cre\u0219tere.<\/p><\/div><\/div><\/div><\/div><\/div><\/div>\t\t\t\t<\/div>\n\t\t\t\t<\/div>\n\t\t\t\t<div class=\"elementor-element elementor-element-dac66af elementor-widget-divider--view-line elementor-widget elementor-widget-divider\" data-id=\"dac66af\" data-element_type=\"widget\" data-widget_type=\"divider.default\">\n\t\t\t\t\t\t\t<div class=\"elementor-divider\">\n\t\t\t<span class=\"elementor-divider-separator\">\n\t\t\t\t\t\t<\/span>\n\t\t<\/div>\n\t\t\t\t\t\t<\/div>\n\t\t\t\t<\/div>\n\t\t<div class=\"elementor-element elementor-element-4c8c850 e-con-full e-flex elementor-invisible e-con e-child\" data-id=\"4c8c850\" data-element_type=\"container\" data-settings=\"{&quot;animation&quot;:&quot;wgl_fade_up&quot;,&quot;animation_delay&quot;:200}\">\n\t\t\t\t<div class=\"elementor-element elementor-element-8072423 has-icon_size_animation elementor-widget__width-initial a-mobilecenter elementor-widget-mobile__width-initial aleft elementor-widget-icon-box wgl-icon-box wgl-view-default elementor-widget elementor-widget-wgl-infobox\" data-id=\"8072423\" data-element_type=\"widget\" data-widget_type=\"wgl-infobox.default\">\n\t\t\t\t<div class=\"elementor-widget-container\">\n\t\t\t\t\t<div class=\"wgl-infobox_bg_wrapper\"><\/div><div class=\"wgl-infobox wgl-cursor-text additional-cursor\" data-cursor-link-animation=\"no\" data-cursor-class=\"wgl-element-8072423 cursor-global elementor-repeater-item-8072423 tooltip_bg\" data-cursor-text=\"&lt;h6&gt;Read More&lt;\/h6&gt;\"><a class=\"wgl-infobox__link\" href=\"https:\/\/dev.sico.media\/rosavis\/about-us\/\"><\/a><div class=\"wgl-infobox_wrapper wgl-layout-top\"><div class=\"wgl-infobox-media_wrapper\"><\/div><div class=\"content_wrapper\"><div class=\"wgl-infobox-title_wrapper\"><h3 class=\"wgl-infobox_title\"><\/h3><\/div><div class=\"wgl-infobox-content_wrapper\"><div class=\"wgl-infobox-content\"><p class=\"framer-text framer-styles-preset-1l1e4gv\" data-styles-preset=\"rgd3b9S4n\">Fiind printre primele societ\u0103\u021bi din \u021bar\u0103, am fost primii din regiunea Moldovei care au investit \u00eentr-un sistem de \u00eenc\u0103lzire cu ap\u0103 cald\u0103, pe biocombustibili.<\/p><p class=\"framer-text framer-styles-preset-1l1e4gv\" data-styles-preset=\"rgd3b9S4n\"><span>Anual producem peste 2 milioane de pui pentru abatorizare, pui ce beneficiaz\u0103 de cele mai bune condi\u021bii de cre\u0219tere \u0219i bun\u0103stare, aspecte ce se reflect\u0103 \u00een rezultatul final \u2013 o carne s\u0103n\u0103toas\u0103 \u0219i gustoas\u0103.<\/span><\/p><\/div><\/div><\/div><\/div><\/div>\t\t\t\t<\/div>\n\t\t\t\t<\/div>\n\t\t\t\t<\/div>\n\t\t<div class=\"elementor-element elementor-element-6ba54fb4 e-con-full e-flex elementor-invisible e-con e-child\" data-id=\"6ba54fb4\" data-element_type=\"container\" data-settings=\"{&quot;animation&quot;:&quot;wgl_fade_up&quot;,&quot;animation_delay&quot;:250}\">\n\t\t\t\t<div class=\"elementor-element elementor-element-37cb0fa9 has-icon_size_animation elementor-widget__width-initial a-mobilecenter aleft elementor-widget-image-box wgl-image-box wgl-view-default elementor-widget elementor-widget-wgl-infobox\" data-id=\"37cb0fa9\" data-element_type=\"widget\" data-widget_type=\"wgl-infobox.default\">\n\t\t\t\t<div class=\"elementor-widget-container\">\n\t\t\t\t\t<div class=\"wgl-infobox_bg_wrapper\"><\/div><div class=\"wgl-infobox wgl-cursor-text additional-cursor\" data-cursor-link-animation=\"no\" data-cursor-class=\"wgl-element-37cb0fa9 cursor-global elementor-repeater-item-37cb0fa9 tooltip_bg\" data-cursor-text=\"&lt;h6&gt;Read More&lt;\/h6&gt;\"><a class=\"wgl-infobox__link\" href=\"https:\/\/dev.sico.media\/rosavis\/about-us\/\"><\/a><div class=\"wgl-infobox_wrapper wgl-layout-top\"><div class=\"wgl-infobox-media_wrapper\"><span class=\"media-wrapper img-wrapper\"><span class=\"wgl-image-box_img\"><span ><img decoding=\"async\" width=\"620\" height=\"280\" src=\"https:\/\/dev.sico.media\/rosavis\/wp-content\/uploads\/2025\/10\/ZohdkNs6SZ3FmVrNKjte7dLPVro.png\" class=\"attachment-large size-large wp-image-6131\" alt=\"\" srcset=\"https:\/\/dev.sico.media\/rosavis\/wp-content\/uploads\/2025\/10\/ZohdkNs6SZ3FmVrNKjte7dLPVro.png 620w, https:\/\/dev.sico.media\/rosavis\/wp-content\/uploads\/2025\/10\/ZohdkNs6SZ3FmVrNKjte7dLPVro-300x135.png 300w\" sizes=\"(max-width: 620px) 100vw, 620px\" \/><\/span><\/span><\/span><\/div><div class=\"content_wrapper\"><div class=\"wgl-infobox-title_wrapper\"><h3 class=\"wgl-infobox_title\"><span class=\"wgl-infobox_title-idle\"><span class=\"elementor-repeater-item-c40298d\">Ferma de reproduc\u021bie Sohod\u0103u<\/span><\/span><\/h3><\/div><\/div><\/div><\/div>\t\t\t\t<\/div>\n\t\t\t\t<\/div>\n\t\t\t\t<\/div>\n\t\t<div class=\"elementor-element elementor-element-56ace181 e-con-full e-flex elementor-invisible e-con e-child\" data-id=\"56ace181\" data-element_type=\"container\" data-settings=\"{&quot;animation&quot;:&quot;wgl_fade_up&quot;,&quot;animation_delay&quot;:300}\">\n\t\t\t\t<div class=\"elementor-element elementor-element-5d84c26 has-icon_size_animation elementor-widget__width-initial a-mobilecenter elementor-widget-mobile__width-initial aleft elementor-widget-icon-box wgl-icon-box wgl-view-default elementor-widget elementor-widget-wgl-infobox\" data-id=\"5d84c26\" data-element_type=\"widget\" data-widget_type=\"wgl-infobox.default\">\n\t\t\t\t<div class=\"elementor-widget-container\">\n\t\t\t\t\t<div class=\"wgl-infobox_bg_wrapper\"><\/div><div class=\"wgl-infobox wgl-cursor-text additional-cursor\" data-cursor-link-animation=\"no\" data-cursor-class=\"wgl-element-5d84c26 cursor-global elementor-repeater-item-5d84c26 tooltip_bg\" data-cursor-text=\"&lt;h6&gt;Read More&lt;\/h6&gt;\"><a class=\"wgl-infobox__link\" href=\"https:\/\/dev.sico.media\/rosavis\/about-us\/\"><\/a><div class=\"wgl-infobox_wrapper wgl-layout-top\"><div class=\"wgl-infobox-media_wrapper\"><\/div><div class=\"content_wrapper\"><div class=\"wgl-infobox-title_wrapper\"><h3 class=\"wgl-infobox_title\"><\/h3><\/div><div class=\"wgl-infobox-content_wrapper\"><div class=\"wgl-infobox-content\"><div class=\"framer-1u0n46l\" data-framer-component-type=\"RichTextContainer\"><p class=\"framer-text framer-styles-preset-1vuqzzc\" data-styles-preset=\"wqPFhqVrF\">Ferma de reproduc\u021bie este dotat\u0103 cu echipamente automate de distribu\u021bie al furajelor, controlul automat al temperaturii, umidit\u0103\u021bii \u0219i a luminii.<\/p><\/div><div class=\"framer-1ee00us\" data-framer-component-type=\"RichTextContainer\"><p class=\"framer-text framer-styles-preset-1l1e4gv\" data-styles-preset=\"rgd3b9S4n\">Cuibarele au sisteme automate de recoltare a ou\u0103lor, unde contactul personalului cu acestea este redus la minim. Astfel, Ferma devine un furnizor important pe pia\u021ba de ou\u0103.<\/p><\/div><\/div><\/div><\/div><\/div><\/div>\t\t\t\t<\/div>\n\t\t\t\t<\/div>\n\t\t\t\t<\/div>\n\t\t\t\t<\/div>\n\t\t\t\t\t<\/div>\n\t\t\t\t<\/div>\n\t\t<div class=\"elementor-element elementor-element-3c10160f e-flex e-con-boxed e-con e-parent\" data-id=\"3c10160f\" data-element_type=\"container\">\n\t\t\t\t\t<div class=\"e-con-inner\">\n\t\t\t\t<div class=\"elementor-element elementor-element-47465dde elementor-position-top elementor-widget elementor-widget-image-box\" data-id=\"47465dde\" data-element_type=\"widget\" data-widget_type=\"image-box.default\">\n\t\t\t\t\t<div class=\"elementor-image-box-wrapper\"><figure class=\"elementor-image-box-img\"><img decoding=\"async\" width=\"512\" height=\"512\" src=\"https:\/\/dev.sico.media\/rosavis\/wp-content\/uploads\/2025\/10\/2mScbEqikqD2Ubb7mWlm4nuMoxM.png\" class=\"attachment-large size-large wp-image-6057\" alt=\"\" srcset=\"https:\/\/dev.sico.media\/rosavis\/wp-content\/uploads\/2025\/10\/2mScbEqikqD2Ubb7mWlm4nuMoxM.png 512w, https:\/\/dev.sico.media\/rosavis\/wp-content\/uploads\/2025\/10\/2mScbEqikqD2Ubb7mWlm4nuMoxM-240x240.png 240w, https:\/\/dev.sico.media\/rosavis\/wp-content\/uploads\/2025\/10\/2mScbEqikqD2Ubb7mWlm4nuMoxM-300x300.png 300w, https:\/\/dev.sico.media\/rosavis\/wp-content\/uploads\/2025\/10\/2mScbEqikqD2Ubb7mWlm4nuMoxM-150x150.png 150w, https:\/\/dev.sico.media\/rosavis\/wp-content\/uploads\/2025\/10\/2mScbEqikqD2Ubb7mWlm4nuMoxM-96x96.png 96w\" sizes=\"(max-width: 512px) 100vw, 512px\" \/><\/figure><div class=\"elementor-image-box-content\"><h3 class=\"elementor-image-box-title\">Un brand rom\u00e2nesc  cu r\u0103d\u0103cini clare \u0219i direc\u021bie stabil\u0103.<\/h3><p class=\"elementor-image-box-description\">Suntem prezen\u021bi \u00een fiecare zi acolo unde se construiesc ferme performante. Nu prin vorbe, ci prin fapte, livr\u0103ri \u0219i continuitate. R\u0103m\u00e2nem aproape de cei care ne aleg pentru predictibilitate \u0219i colaborare, nu doar pentru un produs. A\u0219a func\u021bioneaz\u0103 Rosavis \u2013 clar, asumat \u0219i responsabil.<\/p><\/div><\/div>\t\t\t\t<\/div>\n\t\t\t\t<div class=\"elementor-element elementor-element-525cba6c elementor-widget elementor-widget-spacer\" data-id=\"525cba6c\" data-element_type=\"widget\" data-widget_type=\"spacer.default\">\n\t\t\t\t\t\t\t<div class=\"elementor-spacer\">\n\t\t\t<div class=\"elementor-spacer-inner\"><\/div>\n\t\t<\/div>\n\t\t\t\t\t\t<\/div>\n\t\t\t\t\t<\/div>\n\t\t\t\t<\/div>\n\t\t<div class=\"elementor-element elementor-element-507a3f9c e-flex e-con-boxed e-con e-parent\" data-id=\"507a3f9c\" data-element_type=\"container\" data-settings=\"{&quot;background_background&quot;:&quot;classic&quot;}\">\n\t\t\t\t\t<div class=\"e-con-inner\">\n\t\t<div class=\"elementor-element elementor-element-61bc96d8 e-con-full e-flex e-con e-child\" data-id=\"61bc96d8\" data-element_type=\"container\">\n\t\t<div class=\"elementor-element elementor-element-5a9e304b e-con-full e-flex e-con e-child\" data-id=\"5a9e304b\" data-element_type=\"container\">\n\t\t\t\t<div class=\"elementor-element elementor-element-8ad5f9f aleft elementor-widget elementor-widget-wgl-double-heading\" data-id=\"8ad5f9f\" data-element_type=\"widget\" data-widget_type=\"wgl-double-heading.default\">\n\t\t\t\t<div class=\"elementor-widget-container\">\n\t\t\t\t\t<div class=\"wgl-double-heading\"><div class=\"dblh__subtitle\">Intreb\u0103ri frecvente<\/div><\/div>\t\t\t\t<\/div>\n\t\t\t\t<\/div>\n\t\t\t\t<div class=\"elementor-element elementor-element-33acb0c6 elementor-widget elementor-widget-wgl-toggle-accordion\" data-id=\"33acb0c6\" data-element_type=\"widget\" data-widget_type=\"wgl-toggle-accordion.default\">\n\t\t\t\t<div class=\"elementor-widget-container\">\n\t\t\t\t\t<div class=\"wgl-accordion icon-custom\" id=\"wgl-accordion-33acb0c6\" data-type=\"toggle\" data-trigger=\"click\"><div class=\"wgl-accordion_panel elementor-repeater-item-48dd0e0\" id=\"wgl-accordion_panel-8661\"><div class=\"wgl-accordion_panel-inner\"><h4 class=\"wgl-accordion_header\"><span class=\"wgl-accordion_title\">Ce tipuri de pui comercializeaz\u0103 Rosavis?<\/span><span class=\"wgl-accordion_icon elementor-icon\"><svg aria-hidden=\"true\" class=\"e-font-icon-svg e-fas-arrow-right\" viewBox=\"0 0 448 512\" xmlns=\"http:\/\/www.w3.org\/2000\/svg\"><path d=\"M190.5 66.9l22.2-22.2c9.4-9.4 24.6-9.4 33.9 0L441 239c9.4 9.4 9.4 24.6 0 33.9L246.6 467.3c-9.4 9.4-24.6 9.4-33.9 0l-22.2-22.2c-9.5-9.5-9.3-25 .4-34.3L311.4 296H24c-13.3 0-24-10.7-24-24v-32c0-13.3 10.7-24 24-24h287.4L190.9 101.2c-9.8-9.3-10-24.8-.4-34.3z\"><\/path><\/svg><\/span><\/h4><div class=\"wgl-accordion_content\"><p><span>Rosavis ofer\u0103 pui de o zi din linii genetice performante, Hubbard sau Ross 308, potrivi\u021bi pentru ferme comerciale, gospod\u0103rii \u0219i magazine specializate, crescu\u021bi \u00een condi\u021bii controlate pentru un start s\u0103n\u0103tos.<\/span><\/p><\/div><\/div><\/div><div class=\"wgl-accordion_panel elementor-repeater-item-a66f029\" id=\"wgl-accordion_panel-8662\" data-default=\"yes\"><div class=\"wgl-accordion_panel-inner\"><h4 class=\"wgl-accordion_header\"><span class=\"wgl-accordion_title\">Cum pot comanda pui de o zi?<\/span><span class=\"wgl-accordion_icon elementor-icon\"><svg aria-hidden=\"true\" class=\"e-font-icon-svg e-fas-arrow-right\" viewBox=\"0 0 448 512\" xmlns=\"http:\/\/www.w3.org\/2000\/svg\"><path d=\"M190.5 66.9l22.2-22.2c9.4-9.4 24.6-9.4 33.9 0L441 239c9.4 9.4 9.4 24.6 0 33.9L246.6 467.3c-9.4 9.4-24.6 9.4-33.9 0l-22.2-22.2c-9.5-9.5-9.3-25 .4-34.3L311.4 296H24c-13.3 0-24-10.7-24-24v-32c0-13.3 10.7-24 24-24h287.4L190.9 101.2c-9.8-9.3-10-24.8-.4-34.3z\"><\/path><\/svg><\/span><\/h4><div class=\"wgl-accordion_content\"><p><span>Comenzile se pot face telefonic, prin e-mail sau direct pe site, prin formularul dedicat. Dup\u0103 primirea cererii, echipa Rosavis v\u0103 contacteaz\u0103 cu o ofert\u0103 personalizat\u0103.<\/span><\/p><\/div><\/div><\/div><div class=\"wgl-accordion_panel elementor-repeater-item-1a3b75e\" id=\"wgl-accordion_panel-8663\"><div class=\"wgl-accordion_panel-inner\"><h4 class=\"wgl-accordion_header\"><span class=\"wgl-accordion_title\">Ce condi\u021bii trebuie s\u0103 asigur pentru primirea puilor?<\/span><span class=\"wgl-accordion_icon elementor-icon\"><svg aria-hidden=\"true\" class=\"e-font-icon-svg e-fas-arrow-right\" viewBox=\"0 0 448 512\" xmlns=\"http:\/\/www.w3.org\/2000\/svg\"><path d=\"M190.5 66.9l22.2-22.2c9.4-9.4 24.6-9.4 33.9 0L441 239c9.4 9.4 9.4 24.6 0 33.9L246.6 467.3c-9.4 9.4-24.6 9.4-33.9 0l-22.2-22.2c-9.5-9.5-9.3-25 .4-34.3L311.4 296H24c-13.3 0-24-10.7-24-24v-32c0-13.3 10.7-24 24-24h287.4L190.9 101.2c-9.8-9.3-10-24.8-.4-34.3z\"><\/path><\/svg><\/span><\/h4><div class=\"wgl-accordion_content\"><p><span>Este important s\u0103 ave\u021bi un ad\u0103post curat, bine ventilat \u0219i \u00eenc\u0103lzit, furaje adecvate pentru etapa de start \u0219i acces la ap\u0103 proasp\u0103t\u0103. V\u0103 oferim \u0219i recomand\u0103ri detaliate la livrare.<\/span><\/p><\/div><\/div><\/div><div class=\"wgl-accordion_panel elementor-repeater-item-7ea9097\" id=\"wgl-accordion_panel-8664\"><div class=\"wgl-accordion_panel-inner\"><h4 class=\"wgl-accordion_header\"><span class=\"wgl-accordion_title\">Rosavis ofer\u0103 transport?<\/span><span class=\"wgl-accordion_icon elementor-icon\"><svg aria-hidden=\"true\" class=\"e-font-icon-svg e-fas-arrow-right\" viewBox=\"0 0 448 512\" xmlns=\"http:\/\/www.w3.org\/2000\/svg\"><path d=\"M190.5 66.9l22.2-22.2c9.4-9.4 24.6-9.4 33.9 0L441 239c9.4 9.4 9.4 24.6 0 33.9L246.6 467.3c-9.4 9.4-24.6 9.4-33.9 0l-22.2-22.2c-9.5-9.5-9.3-25 .4-34.3L311.4 296H24c-13.3 0-24-10.7-24-24v-32c0-13.3 10.7-24 24-24h287.4L190.9 101.2c-9.8-9.3-10-24.8-.4-34.3z\"><\/path><\/svg><\/span><\/h4><div class=\"wgl-accordion_content\"><p><span>Da, Rosavis asigur\u0103 transport specializat pentru pui de o zi, \u00een condi\u021bii optime de temperatur\u0103 \u0219i siguran\u021b\u0103, p\u00e2n\u0103 la loca\u021bia clientului.<\/span><\/p><\/div><\/div><\/div><div class=\"wgl-accordion_panel elementor-repeater-item-9823490\" id=\"wgl-accordion_panel-8665\"><div class=\"wgl-accordion_panel-inner\"><h4 class=\"wgl-accordion_header\"><span class=\"wgl-accordion_title\">Ce m\u0103suri de siguran\u021b\u0103 \u0219i control se aplic\u0103 \u00een procesul de cre\u0219tere?<\/span><span class=\"wgl-accordion_icon elementor-icon\"><svg aria-hidden=\"true\" class=\"e-font-icon-svg e-fas-arrow-right\" viewBox=\"0 0 448 512\" xmlns=\"http:\/\/www.w3.org\/2000\/svg\"><path d=\"M190.5 66.9l22.2-22.2c9.4-9.4 24.6-9.4 33.9 0L441 239c9.4 9.4 9.4 24.6 0 33.9L246.6 467.3c-9.4 9.4-24.6 9.4-33.9 0l-22.2-22.2c-9.5-9.5-9.3-25 .4-34.3L311.4 296H24c-13.3 0-24-10.7-24-24v-32c0-13.3 10.7-24 24-24h287.4L190.9 101.2c-9.8-9.3-10-24.8-.4-34.3z\"><\/path><\/svg><\/span><\/h4><div class=\"wgl-accordion_content\"><p><span>To\u021bi puii sunt incuba\u021bi intern, monitoriza\u021bi constant, hr\u0103ni\u021bi cu furaje de calitate \u0219i crescu\u021bi \u00een hale automatizate, pentru a reduce stresul \u0219i a preveni bolile.<\/span><\/p><\/div><\/div><\/div><\/div>\t\t\t\t<\/div>\n\t\t\t\t<\/div>\n\t\t\t\t<\/div>\n\t\t\t\t<\/div>\n\t\t\t\t\t<\/div>\n\t\t\t\t<\/div>\n\t\t\t\t<\/div>\n\t\t","protected":false},"excerpt":{"rendered":"<p>Produc\u021bia Rosavis Cre\u0219tem pui s\u0103n\u0103to\u0219i \u00een condi\u021bii controlate, cu tehnologie modern\u0103 \u0219i grij\u0103 constant\u0103. De la ou la livrare, control\u0103m fiecare etap\u0103 pentru a asigura calitate, performan\u021b\u0103 \u0219i \u00eencredere. Hale pentru cre\u0219tere Ferma Rosavis a fost \u00eenfiin\u021bat\u0103 \u00een anul 2007, c\u00e2nd s-au achizi\u021bionat cele 18 hale pentru cre\u0219terea de pui. Deoarece valorile noastre sunt grija [&hellip;]<\/p>\n","protected":false},"author":1,"featured_media":0,"parent":0,"menu_order":0,"comment_status":"closed","ping_status":"closed","template":"","meta":{"footnotes":""},"class_list":["post-6018","page","type-page","status-publish","hentry"],"_links":{"self":[{"href":"https:\/\/dev.sico.media\/rosavis\/wp-json\/wp\/v2\/pages\/6018","targetHints":{"allow":["GET"]}}],"collection":[{"href":"https:\/\/dev.sico.media\/rosavis\/wp-json\/wp\/v2\/pages"}],"about":[{"href":"https:\/\/dev.sico.media\/rosavis\/wp-json\/wp\/v2\/types\/page"}],"author":[{"embeddable":true,"href":"https:\/\/dev.sico.media\/rosavis\/wp-json\/wp\/v2\/users\/1"}],"replies":[{"embeddable":true,"href":"https:\/\/dev.sico.media\/rosavis\/wp-json\/wp\/v2\/comments?post=6018"}],"version-history":[{"count":19,"href":"https:\/\/dev.sico.media\/rosavis\/wp-json\/wp\/v2\/pages\/6018\/revisions"}],"predecessor-version":[{"id":6451,"href":"https:\/\/dev.sico.media\/rosavis\/wp-json\/wp\/v2\/pages\/6018\/revisions\/6451"}],"wp:attachment":[{"href":"https:\/\/dev.sico.media\/rosavis\/wp-json\/wp\/v2\/media?parent=6018"}],"curies":[{"name":"wp","href":"https:\/\/api.w.org\/{rel}","templated":true}]}}