{"id":6464,"date":"2025-11-19T14:14:45","date_gmt":"2025-11-19T14:14:45","guid":{"rendered":"https:\/\/dev.sico.media\/rosavis\/?page_id=6464"},"modified":"2025-11-19T14:16:00","modified_gmt":"2025-11-19T14:16:00","slug":"termeni-si-conditii","status":"publish","type":"page","link":"https:\/\/dev.sico.media\/rosavis\/termeni-si-conditii\/","title":{"rendered":"Termeni \u0219i condi\u021bii"},"content":{"rendered":"\t\t<div data-elementor-type=\"wp-page\" data-elementor-id=\"6464\" class=\"elementor elementor-6464\">\n\t\t\t\t<div class=\"elementor-element elementor-element-44903ef e-flex e-con-boxed e-con e-parent\" data-id=\"44903ef\" data-element_type=\"container\">\n\t\t\t\t\t<div class=\"e-con-inner\">\n\t\t\t\t<div class=\"elementor-element elementor-element-8023523 elementor-widget elementor-widget-text-editor\" data-id=\"8023523\" data-element_type=\"widget\" data-widget_type=\"text-editor.default\">\n\t\t\t\t\t\t\t\t\t<p><strong>Generalit\u0103\u021bi<\/strong><\/p><p>Site-ul rosavis.ro \u0219i subdomeniile acestuia sunt proprietatea S.C. Rosavis Prod S.R.L., cu sediul \u00een Sat Gara Rosiesti, com. Rosiesti, jud. Vaslui, cod po\u0219tal 737467<\/p><p>\u00cenainte de a utiliza acest Site, v\u0103 rug\u0103m s\u0103 citi\u021bi cu aten\u021bie con\u021binutul acestui document. Acesta reglementeaz\u0103 utilizarea de c\u0103tre dumneavoastr\u0103 a paginii \u0219i a tuturor materialelor informative con\u021binute.<br \/>Con\u021binutul site-ului poate fi accesat la adresa rosavis.ro (incluz\u00e2nd paginile la care face link-uri).<\/p><p><strong>Defini\u021bii:<\/strong><\/p><p>Site \u2013 domeniul www.rosavis.ro \u0219i subdomeniile acestuia.<br \/>Utilizator \u2013 persoan\u0103 fizic\u0103\/persoan\u0103 juridic\u0103 care are sau ob\u021bine acces la Con\u021binut, prin orice mijloc de comunicare pus la dispozi\u021bie (electronic, telefonic etc.), \u0219i care \u0219i-a dat acordul cu privire la clauzele specifice site-ului din sec\u021biunea Termeni \u0219i Condi\u021bii<\/p><p><strong>Con\u021binut<\/strong><\/p><p>\u2013 toate informa\u021biile de pe Site care pot fi vizitate, vizualizate sau altfel accesate prin utilizarea unui echipament electronic<br \/>\u2013 con\u021binutul oric\u0103rui e-mail trimis Utilizatorilor de c\u0103tre de\u021bin\u0103torul site-ului, S.C. Rosavis Prod S.R.L., prin mijloace electronice \u0219i\/sau orice alt mijloc de comunicare disponibil<br \/>\u2013 orice informa\u021bie comunicat\u0103 Utilizatorului prin orice mijloc de c\u0103tre un angajat\/partener al de\u021bin\u0103torului site-ului, S.C. Rosavis Prod S.R.L., conform informa\u021biilor de contactare, specificate sau nu de c\u0103tre acesta<br \/>\u2013 informa\u021bii legate de Bunurile sau Serviciile oferite de de\u021bin\u0103torului site-ului, S.C. Rosavis Prod S.R.L., \u00eentr-o anumit\u0103 perioad\u0103<br \/>\u2013 date referitoare la de\u021bin\u0103torului site-ului, S.C. Rosavis Prod S.R.L., sau alte date privilegiate ale acestuia.<\/p><p><strong>Document \u2013 prezentele Termene \u0219i Condi\u021bii<\/strong><br \/>Newsletter \u2013 mijloc de informare periodic, exclusiv electronic, respectiv po\u0219ta electronic\u0103 (e-mail, SMS) asupra Bunurilor \u0219i Serviciilor \u0219i\/sau a promo\u021biilor desf\u0103\u0219urate de \u00eentr-o anumit\u0103 perioad\u0103, f\u0103r\u0103 niciun angajament din partea de\u021bin\u0103torului site-ului, S.C. Rosavis Prod S.R.L., cu referire la informa\u021biile con\u021binute de acesta<br \/>Specifica\u021bii \u2013 toate specifica\u021biile \u0219i\/sau descrierile Bunurilor \u0219i Serviciilor, a\u0219a cum sunt precizate \u00een descrierea acestora<br \/>Parteneri \u2013 persoanele juridice ce doresc stabilirea unui parteneriat pe termen lung cu de\u021bin\u0103torului site-ului, S.C. Rosavis Prod S.R.L.<br \/>Date personale \u2013 informa\u021bii pe baza c\u0103rora pute\u021bi fi identificat personal. De obicei, acestea pot include: numele dumneavoastr\u0103, adresa, num\u0103rul de telefon (fix \u0219i\/sau mobil), adresa de e-mail \u0219i alte informa\u021bii, cum ar fi: obiceiuri \u0219i preferin\u021be de cump\u0103r\u0103turi, interese \u0219i detalii ale stilului de via\u021b\u0103.<\/p><p><strong>1. POLITICA DE COMUNICARE \u0218I PROMOVARE ONLINE<\/strong><\/p><p>1.1. Comunicarea cu de\u021bin\u0103torul site-ului, S.C. Rosavis Prod S.R.L., se poate realiza prin interac\u021biunea direct\u0103 cu acesta sau prin adresele men\u021bionate la sec\u021biunea \u201cContact\u201d din Site. S.C. Rosavis Prod S.R.L. are libertatea de a gestiona informa\u021biile primite f\u0103r\u0103 a fi nevoit s\u0103 aduc\u0103 justificari pentru aceasta.<\/p><p>1.2. Prin finalizarea complet\u0103rii c\u00e2mpurilor formularului de contact a de\u021bin\u0103torului site-ului, S.C. Rosavis Prod S.R.L., Utilizatorul consimte ca toate datele furnizate de acesta sunt corecte, complete \u0219i adev\u0103rate la data expedierii mesajului, precum \u0219i c\u0103 de\u021bin\u0103torului site-ului, S.C. Rosavis Prod S.R.L., poate s\u0103 \u00eel contacteze, prin orice mijloc disponibil.<\/p><p>1.3. De\u021bin\u0103torul site-ului, S.C. Rosavis Prod S.R.L., poate publica pe Site informa\u021bii despre Bunuri, Servicii \u0219i\/sau promo\u021bii practicate de c\u0103tre acesta.<\/p><p>1.4. Toate informa\u021biile folosite pentru descrierea Bunurilor sau a Serviciilor pe Site (imagini statice\/dinamice\/prezent\u0103ri multimedia etc.) nu reprezint\u0103 o ofert\u0103 de v\u00e2nzare sau de furnizare a acestora din partea de\u021bin\u0103torului site-ului, S.C. Rosavis Prod S.R.L., acestea fiind utilizate exclusiv cu titlu de prezentare.<\/p><p><strong>2. DREPTUL DE PROPRIETATE INTELECTUAL\u0102 \u0218I INDUSTRIAL\u0102<\/strong><\/p><p>2.1. Con\u021binutul, astfel cum este definit \u00een preambul (sec\u021biunea Defini\u021bii), incluz\u00e2nd, dar nelimit\u00e2ndu-se la logo-uri, reprezent\u0103ri stilizate, simboluri comerciale, imagini statice, imagini dinamice, text \u0219i\/sau con\u021binut multimedia prezentate pe Site, reprezint\u0103 proprietatea exclusiv\u0103 a de\u021bin\u0103torului site-ului, S.C. Rosavis Prod S.R.L.<\/p><p>2.2. Toate drepturile de autor \u0219i alte drepturi de proprietate intelectual\u0103 din toate textele, imaginile, sunetul, software-ul \u0219i alte materiale din aceast\u0103 pagin\u0103 de Internet sunt \u00een proprietatea S.C. Rosavis Prod S.R.L.<\/p><p>2.3. Utilizatorul poate parcurge aceast\u0103 pagin\u0103 de Internet \u0219i poate transfera \u0219i\/sau utiliza Con\u021binut numai \u00een scopuri informa\u021bionale, personale sau non-comerciale, numai \u00een cazul \u00een care acestea nu intr\u0103 \u00een conflict cu prevederile Documentului \u0219i respect\u00e2nd condi\u021bia ca \u00een reproducerile f\u0103cute s\u0103 apar\u0103 anun\u021bul referitor la dreptul de autor men\u021bionat mai sus.<\/p><p>2.4. Este interzis\u0103 orice utilizare a Con\u021binutului \u00een alte scopuri dec\u00e2t cele permise expres prin prezentul Document sau de acordul de utilizare care \u00eel \u00eenso\u021be\u0219te, \u00een cazul \u00een care acesta exist\u0103.<\/p><p>2.5. Niciun Con\u021binut transmis c\u0103tre Utilizator, prin orice mijloc de comunicare (electronic, telefonic etc.) sau dob\u00e2ndit de acesta prin accesare, vizitare \u0219i\/sau vizualizare nu constituie o obliga\u021bie contractual\u0103 din partea de\u021bin\u0103torului site-ului, S.C. Rosavis Prod S.R.L., care a mijlocit transferul de Con\u021binut, \u00een cazul \u00een care aceasta exist\u0103, fa\u021b\u0103 de respectivul con\u021binut.<\/p><p><strong>3. CONFIDEN\u021aIALITATE<\/strong><\/p><p>3.1. Informa\u021biile de orice natur\u0103 furnizate de c\u0103tre Utilizator de\u021bin\u0103torului site-ului vor r\u0103m\u00e2ne \u00een proprietatea S.C. Rosavis Prod S.R.L.<\/p><p>3.2. Prin \u00eenscrierea \u00een baza de date a de\u021bin\u0103torului site-ului, S.C. Rosavis Prod S.R.L., Utilizatorul \u00ee\u0219i ofer\u0103 consim\u021b\u0103m\u00e2ntul expres, \u00een limitele legisla\u021biei \u00een vigoare, de a fi contactat de c\u0103tre ter\u021be persoane, parteneri ai acestuia.<\/p><p><strong>4. R\u0102SPUNDERE<\/strong><\/p><p>4.1. Prin utilizarea Con\u021binutului Site-ului, Utilizatorul accept\u0103 \u00een mod expres \u0219i f\u0103r\u0103 echivoc Termenii \u0219i condi\u021biile acestuia \u00een ultima versiune actualizat\u0103 care este comunicat\u0103 \u00een cadrul Site-ului, existent\u0103 la data utiliz\u0103rii con\u021binutului.<\/p><p>4.2. Informa\u021biile con\u021binute de site-ul www.rosavis.ro au ca scop informarea general\u0103. De\u021bin\u0103torul site-ului, S.C. Rosavis Prod S.R.L., nu ofer\u0103 nicio garan\u021bie \u00een ceea ce prive\u0219te exactitatea sau \u00eentregimea acestora.<\/p><p>4.3. Ne rezerv\u0103m dreptul de a face orice modific\u0103ri \u0219i corectii ale con\u021binutului site-ului, f\u0103r\u0103 a informa \u00een prealabil Utilizatorii acestuia.<\/p><p>4.4. De\u021bin\u0103torul site-ului, S.C. Rosavis Prod S.R.L., nu este r\u0103spunz\u0103tor pentru pierderea, dauna sau cheltuiala care provine din orice acces la sau utilizarea con\u021binutului site-ului www.rosavis.ro sau a oric\u0103rei pagini de Internet legat\u0103 de acesta, incluz\u00e2nd, f\u0103r\u0103 limitare, orice pierdere de profit, indirect\u0103, incidental\u0103 sau pe cale de consecin\u021b\u0103.<\/p><p>4.5. Exist\u0103 posibilitatea ca \u00een con\u021binutul site-ului www.rosavis.ro s\u0103 vi se ofere link-uri automate la alte pagini de Internet relevante pentru un anumit aspect al site-ului sau de interes pentru Utilizatori. Acest lucru nu \u00eenseamn\u0103 c\u0103 de\u021bin\u0103torul site-ului, S.C. Rosavis Prod S.R.L., este asociat cu oricare din aceste alte pagini de Internet sau cu proprietarii lor. De asemenea, S.C. Rosavis Prod S.R.L. nu va avea nicio r\u0103spundere sau obliga\u021bie de absolut orice natur\u0103 pentru aceste pagini conexe de Internet sau pentru orice informa\u021bie con\u021binut\u0103 \u00een ele.<\/p><p><strong>5. PRELUCRAREA DATELOR CU CARACTER PERSONAL<\/strong><\/p><p>5.1. Conform Deciziei nr. 200\/2015 privind stabilirea cazurilor de prelucrare a datelor cu caracter personal pentru care nu este necesar\u0103 notificarea, de\u021bin\u0103torul site-ului S.C. Rosavis Prod S.R.L. are obliga\u021bia de a administra \u00een condi\u021bii de siguran\u021b\u0103 \u0219i numai pentru scopurile specificate, datele personale pe care le furnizeaz\u0103 Utilizatorul.<\/p><p>5.2. Prin completarea datelor \u00een formularul de contact sau \u00een alte formulare \u00een care se solicit\u0103 informa\u021bii care sunt considerate date personale, Utilizatorul declar\u0103 \u0219i accept\u0103 necondi\u021bionat ca datele sale personale (codului numeric personal, seria \u0219i num\u0103rul actului de identitate, adres\u0103, adres\u0103 de email etc.) s\u0103 fie incluse \u00een baza de date a de\u021bin\u0103torului site-ului S.C. Rosavis Prod S.R.L. \u0219i \u00ee\u0219i d\u0103 acordul expres \u0219i neechivoc ca toate aceste date personale s\u0103 fie stocate, utilizate \u0219i prelucrate nelimitat teritorial \u0219i\/sau temporar de catre de\u021bin\u0103torul site-ului S.C. Rosavis Prod S.R.L.<\/p><p>5.3. Scopul colect\u0103rii datelor este: informarea Utilizatorilor privind starea sau evolu\u021bia activit\u0103\u021bii comerciale, de promovare a Bunurilor \u0219i a Serviciilor, de marketing, de publicitate, de media, administrative sau de r\u0103spuns la cererile Utilizatorului, inclusiv contactarea unui poten\u021bial client sau partener, dac\u0103 acesta a consim\u021bit acest lucru prin completarea formularului specific, de dezvoltare, de cercetare de pia\u021b\u0103, de statistic\u0103, de urm\u0103rire \u0219i monitorizare a v\u00e2nz\u0103rilor \u0219i a comportamentul Utilizatorului.<\/p><p>5.4. Prin citirea Documentului a\u021bi luat la cuno\u0219tint\u0103 faptul c\u0103 v\u0103 sunt garantate drepturile prev\u0103zute de lege, respectiv: dreptul la informare, dreptul de acces la date, dreptul de interven\u021bie, dreptul de opozi\u021bie, dreptul de a nu fi supus unei decizii individuale, dreptul de va adresa justi\u021biei \u00een caz de \u00eenc\u0103lcare a drepturilor garantate de Legea 677\/2001 pentru protec\u021bia persoanelor cu privire la prelucrarea datelor cu caracter personal \u0219i libera circula\u021bie a acestor date.<\/p><p>5.5. De asemenea, de\u021bin\u0103torul site-ului S.C. Rosavis Prod S.R.L. poate furniza datele Utilizatorului cu caracter personal altor companii cu care se afl\u0103 \u00een rela\u021bii de parteneriat, dar numai \u00een temeiul unui angajament de confiden\u021bialitate din partea acestora, prin care garanteaz\u0103 c\u0103 aceste date sunt p\u0103strate \u00een siguran\u021b\u0103 \u0219i c\u0103 furnizarea acestor informa\u021bii personale se face conform legisla\u021biei \u00een vigoare.<\/p><p>5.6. Informa\u021biile Cump\u0103r\u0103torului cu caracter personal pot fi furnizate \u0219i c\u0103tre Parchetul General, Poli\u021bie, instan\u021bele judec\u0103tore\u0219ti \u0219i altor organe abilitate ale statului, \u00een baza \u0219i \u00een limitele prevederilor legale \u0219i ca urmare a unor cereri expres formulate.<\/p><p><strong>6. FOR\u021aA MAJOR\u0102<\/strong><\/p><p>6.1. Niciuna din p\u0103r\u021bi nu va fi r\u0103spunz\u0103toare pentru neexecutarea obliga\u021biilor sale contractuale, dac\u0103 o astfel de neexecutare la termen \u0219i\/sau \u00een mod corespunz\u0103tor, total sau par\u021bial este datorat\u0103 unui eveniment de for\u021b\u0103 major\u0103.<br \/>For\u021ba majora este evenimentul imprevizibil, \u00een afara controlului p\u0103r\u021bilor \u0219i care nu poate fi evitat.<\/p><p>6.2. Dac\u0103 \u00een termen de 15 (cincisprezece) zile de la data producerii lui, respectivul eveniment nu \u00eenceteaz\u0103, fiecare parte va avea dreptul s\u0103 notifice celeilalte p\u0103r\u021bi \u00eencetarea de plin drept a Contractului f\u0103r\u0103 ca vreuna dintre ele s\u0103 poat\u0103 pretinde celeilalte alte daune-interese.<\/p><p><strong>7. LEGEA APLICABIL\u0102 \u2013 JURISDIC\u021aIA<\/strong><\/p><p>7.1. Prezentul Contract este supus legii rom\u00e2ne. Eventualele litigii ap\u0103rute \u00eentre de\u021bin\u0103torul site-ului, S.C. Rosavis Prod S.R.L., \u0219i Utilizatorii site-ului se vor rezolva pe cale amiabil\u0103 sau, \u00een cazul \u00een care aceasta nu va fi posibil\u0103, litigiile vor fi solu\u021bionate de instan\u021bele judec\u0103tore\u0219ti rom\u00e2ne competente din Municipiul Vaslui.<\/p><p><strong>8. DECLARA\u021aIE DE CONFORMITATE<\/strong><\/p><p>8.1. De\u021bin\u0103torul site-ului, S.C. Rosavis Prod S.R.L., asigur\u0103, declar\u0103 \u0219i garanteaz\u0103 pe propria r\u0103spundere, conform prevederilor art. 5 din HG nr. 1022\/2002 privind regimul produselor \u015fi serviciilor care pot pune \u00een pericol via\u0163a, s\u0103n\u0103tatea, securitatea muncii \u015fi protec\u0163ia mediului c\u0103 produsule publicate cu titlul de prezentare pe site nu pot pune \u00een pericol via\u0163a, s\u0103n\u0103tatea, securitatea muncii \u0219i nu produc un impact negativ asupra mediului.<\/p>\t\t\t\t\t\t\t\t<\/div>\n\t\t\t\t\t<\/div>\n\t\t\t\t<\/div>\n\t\t\t\t<\/div>\n\t\t","protected":false},"excerpt":{"rendered":"<p>Generalit\u0103\u021bi Site-ul rosavis.ro \u0219i subdomeniile acestuia sunt proprietatea S.C. Rosavis Prod S.R.L., cu sediul \u00een Sat Gara Rosiesti, com. Rosiesti, jud. Vaslui, cod po\u0219tal 737467 \u00cenainte de a utiliza acest Site, v\u0103 rug\u0103m s\u0103 citi\u021bi cu aten\u021bie con\u021binutul acestui document. Acesta reglementeaz\u0103 utilizarea de c\u0103tre dumneavoastr\u0103 a paginii \u0219i a tuturor materialelor informative con\u021binute.Con\u021binutul site-ului [&hellip;]<\/p>\n","protected":false},"author":1,"featured_media":0,"parent":0,"menu_order":0,"comment_status":"closed","ping_status":"closed","template":"","meta":{"footnotes":""},"class_list":["post-6464","page","type-page","status-publish","hentry"],"_links":{"self":[{"href":"https:\/\/dev.sico.media\/rosavis\/wp-json\/wp\/v2\/pages\/6464","targetHints":{"allow":["GET"]}}],"collection":[{"href":"https:\/\/dev.sico.media\/rosavis\/wp-json\/wp\/v2\/pages"}],"about":[{"href":"https:\/\/dev.sico.media\/rosavis\/wp-json\/wp\/v2\/types\/page"}],"author":[{"embeddable":true,"href":"https:\/\/dev.sico.media\/rosavis\/wp-json\/wp\/v2\/users\/1"}],"replies":[{"embeddable":true,"href":"https:\/\/dev.sico.media\/rosavis\/wp-json\/wp\/v2\/comments?post=6464"}],"version-history":[{"count":4,"href":"https:\/\/dev.sico.media\/rosavis\/wp-json\/wp\/v2\/pages\/6464\/revisions"}],"predecessor-version":[{"id":6470,"href":"https:\/\/dev.sico.media\/rosavis\/wp-json\/wp\/v2\/pages\/6464\/revisions\/6470"}],"wp:attachment":[{"href":"https:\/\/dev.sico.media\/rosavis\/wp-json\/wp\/v2\/media?parent=6464"}],"curies":[{"name":"wp","href":"https:\/\/api.w.org\/{rel}","templated":true}]}}